{"id":5421,"date":"2011-02-27T19:02:44","date_gmt":"2011-02-27T19:02:44","guid":{"rendered":"https:\/\/www.liquidatormusic.com\/contact\/"},"modified":"2022-10-18T19:59:29","modified_gmt":"2022-10-18T17:59:29","slug":"contact","status":"publish","type":"page","link":"https:\/\/www.liquidatormusic.com\/en\/contact\/","title":{"rendered":"Contact"},"content":{"rendered":"\n<div class=\"inherit-container-width wp-block-group alignfull has-ast-global-color-4-background-color has-background is-layout-constrained wp-block-group-is-layout-constrained\"><div class=\"wp-block-group__inner-container\">\n<div class=\"wp-block-columns is-layout-flex wp-container-core-columns-is-layout-28f84493 wp-block-columns-is-layout-flex\">\n<div class=\"wp-block-column ftit is-layout-flow wp-block-column-is-layout-flow\">\n<div class=\"wp-block-cover\"><span aria-hidden=\"true\" class=\"wp-block-cover__background has-background-dim-0 has-background-dim\"><\/span><img loading=\"lazy\" decoding=\"async\" width=\"635\" height=\"423\" class=\"wp-block-cover__image-background wp-image-10881\" alt=\"\" src=\"https:\/\/www.liquidatormusic.com\/wp-content\/uploads\/2022\/09\/liquidator-contact.jpg\" data-object-fit=\"cover\" srcset=\"https:\/\/www.liquidatormusic.com\/wp-content\/uploads\/2022\/09\/liquidator-contact.jpg 635w, https:\/\/www.liquidatormusic.com\/wp-content\/uploads\/2022\/09\/liquidator-contact-605x403.jpg 605w\" sizes=\"auto, (max-width: 635px) 100vw, 635px\" \/><div class=\"wp-block-cover__inner-container is-layout-flow wp-block-cover-is-layout-flow\">\n<p class=\"has-text-align-center has-ast-global-color-8-color has-text-color has-large-font-size\"><\/p>\n<\/div><\/div>\n<\/div>\n\n\n\n<div class=\"wp-block-column is-vertically-aligned-center fcon is-layout-flow wp-block-column-is-layout-flow\">\n<h3 class=\"has-large-font-size wp-block-heading\">CONTACT US<\/h3>\n\n\n\n<h6 class=\"wp-block-heading\">FIND US AT<\/h6>\n\n\n\n<h4 class=\"wp-block-heading\" style=\"font-size:15px\"><strong>Liquidator Music<\/strong><br>C\/ Dos Hermanas, 22<br>28012 Madrid<\/h4>\n\n\n\n<div class=\"wp-block-columns is-layout-flex wp-container-core-columns-is-layout-28f84493 wp-block-columns-is-layout-flex\">\n<div class=\"wp-block-column is-layout-flow wp-block-column-is-layout-flow\">\n<h6 class=\"wp-block-heading\">TELEPHONE<\/h6>\n\n\n\n<h4 class=\"has-medium-font-size wp-block-heading\">91 532 27 64<\/h4>\n\n\n\n<h6 class=\"wp-block-heading\">WHATSAPP<\/h6>\n\n\n\n<h4 class=\"has-medium-font-size wp-block-heading\"><a href=\"https:\/\/wa.me\/+34661382485\" target=\"_blank\" rel=\"noreferrer noopener\">+34 661 382 485<\/a><\/h4>\n<\/div>\n\n\n\n<div class=\"wp-block-column is-layout-flow wp-block-column-is-layout-flow\">\n<h6 class=\"wp-block-heading\">EMAIL<\/h6>\n\n\n\n<h4 class=\"has-medium-font-size wp-block-heading\"><a href=\"mailto:info@liquidatormusic.com\">info@liquidatormusic.com<\/a><\/h4>\n<\/div>\n<\/div>\n\n\n\n<h6 class=\"wp-block-heading\">FOLLOW US ON<\/h6>\n\n\n\n<ul class=\"wp-block-social-links has-icon-color is-style-logos-only is-layout-flex wp-block-social-links-is-layout-flex\"><li style=\"color:var(--ast-global-color-8);\" class=\"wp-social-link wp-social-link-facebook has-ast-global-color-8-color wp-block-social-link\"><a href=\"https:\/\/www.facebook.com\/LiquidatorMusicStore\/\" class=\"wp-block-social-link-anchor\"><svg width=\"24\" height=\"24\" viewBox=\"0 0 24 24\" version=\"1.1\" xmlns=\"http:\/\/www.w3.org\/2000\/svg\" aria-hidden=\"true\" focusable=\"false\"><path d=\"M12 2C6.5 2 2 6.5 2 12c0 5 3.7 9.1 8.4 9.9v-7H7.9V12h2.5V9.8c0-2.5 1.5-3.9 3.8-3.9 1.1 0 2.2.2 2.2.2v2.5h-1.3c-1.2 0-1.6.8-1.6 1.6V12h2.8l-.4 2.9h-2.3v7C18.3 21.1 22 17 22 12c0-5.5-4.5-10-10-10z\"><\/path><\/svg><span class=\"wp-block-social-link-label screen-reader-text\">Facebook<\/span><\/a><\/li>\n\n<li style=\"color:var(--ast-global-color-8);\" class=\"wp-social-link wp-social-link-twitter has-ast-global-color-8-color wp-block-social-link\"><a href=\"https:\/\/twitter.com\/liquidatormusic\" class=\"wp-block-social-link-anchor\"><svg width=\"24\" height=\"24\" viewBox=\"0 0 24 24\" version=\"1.1\" xmlns=\"http:\/\/www.w3.org\/2000\/svg\" aria-hidden=\"true\" focusable=\"false\"><path d=\"M22.23,5.924c-0.736,0.326-1.527,0.547-2.357,0.646c0.847-0.508,1.498-1.312,1.804-2.27 c-0.793,0.47-1.671,0.812-2.606,0.996C18.324,4.498,17.257,4,16.077,4c-2.266,0-4.103,1.837-4.103,4.103 c0,0.322,0.036,0.635,0.106,0.935C8.67,8.867,5.647,7.234,3.623,4.751C3.27,5.357,3.067,6.062,3.067,6.814 c0,1.424,0.724,2.679,1.825,3.415c-0.673-0.021-1.305-0.206-1.859-0.513c0,0.017,0,0.034,0,0.052c0,1.988,1.414,3.647,3.292,4.023 c-0.344,0.094-0.707,0.144-1.081,0.144c-0.264,0-0.521-0.026-0.772-0.074c0.522,1.63,2.038,2.816,3.833,2.85 c-1.404,1.1-3.174,1.756-5.096,1.756c-0.331,0-0.658-0.019-0.979-0.057c1.816,1.164,3.973,1.843,6.29,1.843 c7.547,0,11.675-6.252,11.675-11.675c0-0.178-0.004-0.355-0.012-0.531C20.985,7.47,21.68,6.747,22.23,5.924z\"><\/path><\/svg><span class=\"wp-block-social-link-label screen-reader-text\">Twitter<\/span><\/a><\/li>\n\n<li style=\"color:var(--ast-global-color-8);\" class=\"wp-social-link wp-social-link-instagram has-ast-global-color-8-color wp-block-social-link\"><a href=\"https:\/\/www.instagram.com\/liquidatormusic\/\" class=\"wp-block-social-link-anchor\"><svg width=\"24\" height=\"24\" viewBox=\"0 0 24 24\" version=\"1.1\" xmlns=\"http:\/\/www.w3.org\/2000\/svg\" aria-hidden=\"true\" focusable=\"false\"><path d=\"M12,4.622c2.403,0,2.688,0.009,3.637,0.052c0.877,0.04,1.354,0.187,1.671,0.31c0.42,0.163,0.72,0.358,1.035,0.673 c0.315,0.315,0.51,0.615,0.673,1.035c0.123,0.317,0.27,0.794,0.31,1.671c0.043,0.949,0.052,1.234,0.052,3.637 s-0.009,2.688-0.052,3.637c-0.04,0.877-0.187,1.354-0.31,1.671c-0.163,0.42-0.358,0.72-0.673,1.035 c-0.315,0.315-0.615,0.51-1.035,0.673c-0.317,0.123-0.794,0.27-1.671,0.31c-0.949,0.043-1.233,0.052-3.637,0.052 s-2.688-0.009-3.637-0.052c-0.877-0.04-1.354-0.187-1.671-0.31c-0.42-0.163-0.72-0.358-1.035-0.673 c-0.315-0.315-0.51-0.615-0.673-1.035c-0.123-0.317-0.27-0.794-0.31-1.671C4.631,14.688,4.622,14.403,4.622,12 s0.009-2.688,0.052-3.637c0.04-0.877,0.187-1.354,0.31-1.671c0.163-0.42,0.358-0.72,0.673-1.035 c0.315-0.315,0.615-0.51,1.035-0.673c0.317-0.123,0.794-0.27,1.671-0.31C9.312,4.631,9.597,4.622,12,4.622 M12,3 C9.556,3,9.249,3.01,8.289,3.054C7.331,3.098,6.677,3.25,6.105,3.472C5.513,3.702,5.011,4.01,4.511,4.511 c-0.5,0.5-0.808,1.002-1.038,1.594C3.25,6.677,3.098,7.331,3.054,8.289C3.01,9.249,3,9.556,3,12c0,2.444,0.01,2.751,0.054,3.711 c0.044,0.958,0.196,1.612,0.418,2.185c0.23,0.592,0.538,1.094,1.038,1.594c0.5,0.5,1.002,0.808,1.594,1.038 c0.572,0.222,1.227,0.375,2.185,0.418C9.249,20.99,9.556,21,12,21s2.751-0.01,3.711-0.054c0.958-0.044,1.612-0.196,2.185-0.418 c0.592-0.23,1.094-0.538,1.594-1.038c0.5-0.5,0.808-1.002,1.038-1.594c0.222-0.572,0.375-1.227,0.418-2.185 C20.99,14.751,21,14.444,21,12s-0.01-2.751-0.054-3.711c-0.044-0.958-0.196-1.612-0.418-2.185c-0.23-0.592-0.538-1.094-1.038-1.594 c-0.5-0.5-1.002-0.808-1.594-1.038c-0.572-0.222-1.227-0.375-2.185-0.418C14.751,3.01,14.444,3,12,3L12,3z M12,7.378 c-2.552,0-4.622,2.069-4.622,4.622S9.448,16.622,12,16.622s4.622-2.069,4.622-4.622S14.552,7.378,12,7.378z M12,15 c-1.657,0-3-1.343-3-3s1.343-3,3-3s3,1.343,3,3S13.657,15,12,15z M16.804,6.116c-0.596,0-1.08,0.484-1.08,1.08 s0.484,1.08,1.08,1.08c0.596,0,1.08-0.484,1.08-1.08S17.401,6.116,16.804,6.116z\"><\/path><\/svg><span class=\"wp-block-social-link-label screen-reader-text\">Instagram<\/span><\/a><\/li>\n\n<li style=\"color:var(--ast-global-color-8);\" class=\"wp-social-link wp-social-link-youtube has-ast-global-color-8-color wp-block-social-link\"><a href=\"https:\/\/www.youtube.com\/user\/liquidatormusic\" class=\"wp-block-social-link-anchor\"><svg width=\"24\" height=\"24\" viewBox=\"0 0 24 24\" version=\"1.1\" xmlns=\"http:\/\/www.w3.org\/2000\/svg\" aria-hidden=\"true\" focusable=\"false\"><path d=\"M21.8,8.001c0,0-0.195-1.378-0.795-1.985c-0.76-0.797-1.613-0.801-2.004-0.847c-2.799-0.202-6.997-0.202-6.997-0.202 h-0.009c0,0-4.198,0-6.997,0.202C4.608,5.216,3.756,5.22,2.995,6.016C2.395,6.623,2.2,8.001,2.2,8.001S2,9.62,2,11.238v1.517 c0,1.618,0.2,3.237,0.2,3.237s0.195,1.378,0.795,1.985c0.761,0.797,1.76,0.771,2.205,0.855c1.6,0.153,6.8,0.201,6.8,0.201 s4.203-0.006,7.001-0.209c0.391-0.047,1.243-0.051,2.004-0.847c0.6-0.607,0.795-1.985,0.795-1.985s0.2-1.618,0.2-3.237v-1.517 C22,9.62,21.8,8.001,21.8,8.001z M9.935,14.594l-0.001-5.62l5.404,2.82L9.935,14.594z\"><\/path><\/svg><span class=\"wp-block-social-link-label screen-reader-text\">YouTube<\/span><\/a><\/li><\/ul>\n<\/div>\n<\/div>\n<\/div><\/div>\n\n\n\n<div class=\"inherit-container-width wp-block-group alignfull has-ast-global-color-5-background-color has-background is-layout-constrained wp-block-group-is-layout-constrained\"><div class=\"wp-block-group__inner-container\">\n<div class=\"wp-block-columns is-layout-flex wp-container-core-columns-is-layout-28f84493 wp-block-columns-is-layout-flex\">\n<div class=\"wp-block-column is-layout-flow wp-block-column-is-layout-flow\" style=\"flex-basis:40%\">\n<h2 class=\"has-large-font-size wp-block-heading\" style=\"text-transform:uppercase\">Send us a message<\/h2>\n\n\n\n<hr class=\"wp-block-separator has-text-color has-css-opacity has-background\" style=\"background-color:#000000;color:#000000\"\/>\n\n\n\n<p><a href=\"mailto:info@liquidatormusic.com\">info@liquidatormusic.com<\/a><br><a href=\"https:\/\/www.liquidatormusic.com\/en\/\">www.liquidatormusic.com<\/a><br><a href=\"http:\/\/www.liquidatormusic.bandcamp.com\">www.liquidatormusic.bandcamp.com<\/a><\/p>\n<\/div>\n\n\n\n<div class=\"wp-block-column is-layout-flow wp-block-column-is-layout-flow\" style=\"flex-basis:60%\">\n<div class=\"inherit-container-width wp-block-group is-layout-constrained wp-block-group-is-layout-constrained\"><div class=\"wp-block-group__inner-container\">\n<div class=\"wp-block-contact-form-7-contact-form-selector\">\n<div class=\"wpcf7 no-js\" id=\"wpcf7-f4291-o1\" lang=\"en-US\" dir=\"ltr\" data-wpcf7-id=\"4291\">\n<div class=\"screen-reader-response\"><p role=\"status\" aria-live=\"polite\" aria-atomic=\"true\"><\/p> <ul><\/ul><\/div>\n<form action=\"\/en\/wp-json\/wp\/v2\/pages\/5421#wpcf7-f4291-o1\" method=\"post\" class=\"wpcf7-form init\" aria-label=\"Contact form\" novalidate=\"novalidate\" data-status=\"init\">\n<fieldset class=\"hidden-fields-container\"><input type=\"hidden\" name=\"_wpcf7\" value=\"4291\" \/><input type=\"hidden\" name=\"_wpcf7_version\" value=\"6.1.5\" \/><input type=\"hidden\" name=\"_wpcf7_locale\" value=\"en_US\" \/><input type=\"hidden\" name=\"_wpcf7_unit_tag\" value=\"wpcf7-f4291-o1\" \/><input type=\"hidden\" name=\"_wpcf7_container_post\" value=\"0\" \/><input type=\"hidden\" name=\"_wpcf7_posted_data_hash\" value=\"\" \/><input type=\"hidden\" name=\"_wpcf7_recaptcha_response\" value=\"\" \/>\n<\/fieldset>\n<p>Your Name (required)\n<\/p>\n<p><span class=\"wpcf7-form-control-wrap\" data-name=\"your-name\"><input size=\"40\" maxlength=\"400\" class=\"wpcf7-form-control wpcf7-text wpcf7-validates-as-required\" aria-required=\"true\" aria-invalid=\"false\" value=\"\" type=\"text\" name=\"your-name\" \/><\/span>\n<\/p>\n<p>Your Email (required)\n<\/p>\n<p><span class=\"wpcf7-form-control-wrap\" data-name=\"your-email\"><input size=\"40\" maxlength=\"400\" class=\"wpcf7-form-control wpcf7-email wpcf7-validates-as-required wpcf7-text wpcf7-validates-as-email\" aria-required=\"true\" aria-invalid=\"false\" value=\"\" type=\"email\" name=\"your-email\" \/><\/span>\n<\/p>\n<p>Subject\n<\/p>\n<p><span class=\"wpcf7-form-control-wrap\" data-name=\"your-subject\"><input size=\"40\" maxlength=\"400\" class=\"wpcf7-form-control wpcf7-text\" aria-invalid=\"false\" value=\"\" type=\"text\" name=\"your-subject\" \/><\/span>\n<\/p>\n<p>Your Message\n<\/p>\n<p><span class=\"wpcf7-form-control-wrap\" data-name=\"your-message\"><textarea cols=\"40\" rows=\"10\" maxlength=\"2000\" class=\"wpcf7-form-control wpcf7-textarea\" aria-invalid=\"false\" name=\"your-message\"><\/textarea><\/span>\n<\/p>\n<p><span class=\"wpcf7-form-control-wrap\" data-name=\"privacidad\"><span class=\"wpcf7-form-control wpcf7-acceptance\"><span class=\"wpcf7-list-item\"><input type=\"checkbox\" name=\"privacidad\" value=\"1\" aria-invalid=\"false\" \/><\/span><\/span><\/span> I have read and accept the <a href=\"https:\/\/www.liquidatormusic.com\/tienda\/es\/content\/2-aviso-legal\" target=\"_blank\">Data Protection policy.<\/a>\n<\/p>\n<p><input class=\"wpcf7-form-control wpcf7-submit has-spinner\" type=\"submit\" value=\"Send\" \/>\n<\/p>\n<div class=\"coletilla-rgpd\">\n\t<p><strong style=\"text-decoration: underline;margin-bottom: 10px; display: block;\">Informaci\u00f3n b\u00e1sica sobre Protecci\u00f3n de Datos<\/strong><strong>Responsable:<\/strong> Ver <a href=\"https:\/\/www.liquidatormusic.com\/tienda\/es\/content\/2-aviso-legal\" target=\"_blank\">Aviso Legal.<\/a><br \/>\n<strong>Finalidad:<\/strong> Poder responder al formulario de contacto mediante correo electr\u00f3nico.<br \/>\n<strong>Legitimaci\u00f3n:<\/strong> Consentimiento del interesado.<br \/>\n<strong>Destinatarios:<\/strong> El formulario se enviar\u00e1 a trav\u00e9s de un correo electr\u00f3nico a una direcci\u00f3n de correo de Antonio Marazuela Aguirre alojada en <a class=\"external external_icon\" href=\"https:\/\/www.cdmon.com\/es\/avisos-legales\" target=\"_blank\" rel=\"noopener nofollow\">CDMON<\/a> y <a class=\"external external_icon\" href=\"https:\/\/policies.google.com\/privacy?hl=es\" target=\"_blank\" rel=\"noopener nofollow\">Gmail<\/a><br \/>\n<strong>Derechos:<\/strong> Tiene derecho a Acceder, rectificar y suprimir los datos, as\u00ed como otros derechos, como se explica en la informaci\u00f3n adicional.<br \/>\n<strong>Plazo de conservaci\u00f3n de los datos:<\/strong> Hasta que no se solicite su supresi\u00f3n por el interesado.<br \/>\n<strong>Informaci\u00f3n adicional:<\/strong> Puede consultar la informaci\u00f3n adicional y detallada sobre <a href=\"https:\/\/www.liquidatormusic.com\/tienda\/es\/content\/2-aviso-legal\" target=\"_blank\">Protecci\u00f3n de Datos.<\/a>\n\t<\/p>\n<\/div><div class=\"wpcf7-response-output\" aria-hidden=\"true\"><\/div>\n<\/form>\n<\/div>\n<\/div>\n<\/div><\/div>\n<\/div>\n<\/div>\n<\/div><\/div>\n","protected":false},"excerpt":{"rendered":"<p>CONTACT US FIND US AT Liquidator MusicC\/ Dos Hermanas, 2228012 Madrid TELEPHONE 91 532 27 64 WHATSAPP +34 661 382 485 EMAIL info@liquidatormusic.com FOLLOW US ON Send us a message [&hellip;]<\/p>\n","protected":false},"author":2,"featured_media":0,"parent":0,"menu_order":0,"comment_status":"closed","ping_status":"closed","template":"","meta":{"_acf_changed":false,"site-sidebar-layout":"default","site-content-layout":"","ast-site-content-layout":"default","site-content-style":"default","site-sidebar-style":"default","ast-global-header-display":"","ast-banner-title-visibility":"","ast-main-header-display":"","ast-hfb-above-header-display":"","ast-hfb-below-header-display":"","ast-hfb-mobile-header-display":"","site-post-title":"disabled","ast-breadcrumbs-content":"","ast-featured-img":"","footer-sml-layout":"","ast-disable-related-posts":"","theme-transparent-header-meta":"","adv-header-id-meta":"","stick-header-meta":"","header-above-stick-meta":"","header-main-stick-meta":"","header-below-stick-meta":"","astra-migrate-meta-layouts":"default","ast-page-background-enabled":"default","ast-page-background-meta":{"desktop":{"background-color":"","background-image":"","background-repeat":"repeat","background-position":"center center","background-size":"auto","background-attachment":"scroll","background-type":"","background-media":"","overlay-type":"","overlay-color":"","overlay-opacity":"","overlay-gradient":""},"tablet":{"background-color":"","background-image":"","background-repeat":"repeat","background-position":"center center","background-size":"auto","background-attachment":"scroll","background-type":"","background-media":"","overlay-type":"","overlay-color":"","overlay-opacity":"","overlay-gradient":""},"mobile":{"background-color":"","background-image":"","background-repeat":"repeat","background-position":"center center","background-size":"auto","background-attachment":"scroll","background-type":"","background-media":"","overlay-type":"","overlay-color":"","overlay-opacity":"","overlay-gradient":""}},"ast-content-background-meta":{"desktop":{"background-color":"var(--ast-global-color-5)","background-image":"","background-repeat":"repeat","background-position":"center center","background-size":"auto","background-attachment":"scroll","background-type":"","background-media":"","overlay-type":"","overlay-color":"","overlay-opacity":"","overlay-gradient":""},"tablet":{"background-color":"var(--ast-global-color-5)","background-image":"","background-repeat":"repeat","background-position":"center center","background-size":"auto","background-attachment":"scroll","background-type":"","background-media":"","overlay-type":"","overlay-color":"","overlay-opacity":"","overlay-gradient":""},"mobile":{"background-color":"var(--ast-global-color-5)","background-image":"","background-repeat":"repeat","background-position":"center center","background-size":"auto","background-attachment":"scroll","background-type":"","background-media":"","overlay-type":"","overlay-color":"","overlay-opacity":"","overlay-gradient":""}},"footnotes":""},"class_list":["post-5421","page","type-page","status-publish","hentry"],"acf":[],"yoast_head":"<!-- This site is optimized with the Yoast SEO plugin v27.4 - https:\/\/yoast.com\/product\/yoast-seo-wordpress\/ -->\n<title>Contact - Liquidator Music<\/title>\n<meta name=\"robots\" content=\"index, follow, max-snippet:-1, max-image-preview:large, max-video-preview:-1\" \/>\n<link rel=\"canonical\" href=\"https:\/\/www.liquidatormusic.com\/en\/contact\/\" \/>\n<meta property=\"og:locale\" content=\"en_US\" \/>\n<meta property=\"og:type\" content=\"article\" \/>\n<meta property=\"og:title\" content=\"Contact - Liquidator Music\" \/>\n<meta property=\"og:description\" content=\"CONTACT US FIND US AT Liquidator MusicC\/ Dos Hermanas, 2228012 Madrid TELEPHONE 91 532 27 64 WHATSAPP +34 661 382 485 EMAIL info@liquidatormusic.com FOLLOW US ON Send us a message [&hellip;]\" \/>\n<meta property=\"og:url\" content=\"https:\/\/www.liquidatormusic.com\/en\/contact\/\" \/>\n<meta property=\"og:site_name\" content=\"Liquidator Music\" \/>\n<meta property=\"article:modified_time\" content=\"2022-10-18T17:59:29+00:00\" \/>\n<meta property=\"og:image\" content=\"https:\/\/www.liquidatormusic.com\/wp-content\/uploads\/2022\/09\/liquidator-contact.jpg\" \/>\n<meta name=\"twitter:card\" content=\"summary_large_image\" \/>\n<meta name=\"twitter:label1\" content=\"Est. reading time\" \/>\n\t<meta name=\"twitter:data1\" content=\"1 minute\" \/>\n<script type=\"application\/ld+json\" class=\"yoast-schema-graph\">{\"@context\":\"https:\\\/\\\/schema.org\",\"@graph\":[{\"@type\":\"WebPage\",\"@id\":\"https:\\\/\\\/www.liquidatormusic.com\\\/en\\\/contact\\\/\",\"url\":\"https:\\\/\\\/www.liquidatormusic.com\\\/en\\\/contact\\\/\",\"name\":\"Contact - Liquidator Music\",\"isPartOf\":{\"@id\":\"https:\\\/\\\/www.liquidatormusic.com\\\/#website\"},\"primaryImageOfPage\":{\"@id\":\"https:\\\/\\\/www.liquidatormusic.com\\\/en\\\/contact\\\/#primaryimage\"},\"image\":{\"@id\":\"https:\\\/\\\/www.liquidatormusic.com\\\/en\\\/contact\\\/#primaryimage\"},\"thumbnailUrl\":\"https:\\\/\\\/www.liquidatormusic.com\\\/wp-content\\\/uploads\\\/2022\\\/09\\\/liquidator-contact.jpg\",\"datePublished\":\"2011-02-27T19:02:44+00:00\",\"dateModified\":\"2022-10-18T17:59:29+00:00\",\"breadcrumb\":{\"@id\":\"https:\\\/\\\/www.liquidatormusic.com\\\/en\\\/contact\\\/#breadcrumb\"},\"inLanguage\":\"en-US\",\"potentialAction\":[{\"@type\":\"ReadAction\",\"target\":[\"https:\\\/\\\/www.liquidatormusic.com\\\/en\\\/contact\\\/\"]}]},{\"@type\":\"ImageObject\",\"inLanguage\":\"en-US\",\"@id\":\"https:\\\/\\\/www.liquidatormusic.com\\\/en\\\/contact\\\/#primaryimage\",\"url\":\"https:\\\/\\\/www.liquidatormusic.com\\\/wp-content\\\/uploads\\\/2022\\\/09\\\/liquidator-contact.jpg\",\"contentUrl\":\"https:\\\/\\\/www.liquidatormusic.com\\\/wp-content\\\/uploads\\\/2022\\\/09\\\/liquidator-contact.jpg\"},{\"@type\":\"BreadcrumbList\",\"@id\":\"https:\\\/\\\/www.liquidatormusic.com\\\/en\\\/contact\\\/#breadcrumb\",\"itemListElement\":[{\"@type\":\"ListItem\",\"position\":1,\"name\":\"Portada\",\"item\":\"https:\\\/\\\/www.liquidatormusic.com\\\/en\\\/\"},{\"@type\":\"ListItem\",\"position\":2,\"name\":\"Contact\"}]},{\"@type\":\"WebSite\",\"@id\":\"https:\\\/\\\/www.liquidatormusic.com\\\/#website\",\"url\":\"https:\\\/\\\/www.liquidatormusic.com\\\/\",\"name\":\"Liquidator Music\",\"description\":\"Ska, Reggae, Rocksteady &amp; Soul\",\"publisher\":{\"@id\":\"https:\\\/\\\/www.liquidatormusic.com\\\/#organization\"},\"potentialAction\":[{\"@type\":\"SearchAction\",\"target\":{\"@type\":\"EntryPoint\",\"urlTemplate\":\"https:\\\/\\\/www.liquidatormusic.com\\\/?s={search_term_string}\"},\"query-input\":{\"@type\":\"PropertyValueSpecification\",\"valueRequired\":true,\"valueName\":\"search_term_string\"}}],\"inLanguage\":\"en-US\"},{\"@type\":\"Organization\",\"@id\":\"https:\\\/\\\/www.liquidatormusic.com\\\/#organization\",\"name\":\"Liquidator Music\",\"url\":\"https:\\\/\\\/www.liquidatormusic.com\\\/\",\"logo\":{\"@type\":\"ImageObject\",\"inLanguage\":\"en-US\",\"@id\":\"https:\\\/\\\/www.liquidatormusic.com\\\/#\\\/schema\\\/logo\\\/image\\\/\",\"url\":\"https:\\\/\\\/www.liquidatormusic.com\\\/wp-content\\\/uploads\\\/2022\\\/01\\\/logo-liquidator-2-black.svg\",\"contentUrl\":\"https:\\\/\\\/www.liquidatormusic.com\\\/wp-content\\\/uploads\\\/2022\\\/01\\\/logo-liquidator-2-black.svg\",\"caption\":\"Liquidator Music\"},\"image\":{\"@id\":\"https:\\\/\\\/www.liquidatormusic.com\\\/#\\\/schema\\\/logo\\\/image\\\/\"}}]}<\/script>\n<!-- \/ Yoast SEO plugin. -->","yoast_head_json":{"title":"Contact - Liquidator Music","robots":{"index":"index","follow":"follow","max-snippet":"max-snippet:-1","max-image-preview":"max-image-preview:large","max-video-preview":"max-video-preview:-1"},"canonical":"https:\/\/www.liquidatormusic.com\/en\/contact\/","og_locale":"en_US","og_type":"article","og_title":"Contact - Liquidator Music","og_description":"CONTACT US FIND US AT Liquidator MusicC\/ Dos Hermanas, 2228012 Madrid TELEPHONE 91 532 27 64 WHATSAPP +34 661 382 485 EMAIL info@liquidatormusic.com FOLLOW US ON Send us a message [&hellip;]","og_url":"https:\/\/www.liquidatormusic.com\/en\/contact\/","og_site_name":"Liquidator Music","article_modified_time":"2022-10-18T17:59:29+00:00","og_image":[{"url":"https:\/\/www.liquidatormusic.com\/wp-content\/uploads\/2022\/09\/liquidator-contact.jpg","type":"","width":"","height":""}],"twitter_card":"summary_large_image","twitter_misc":{"Est. reading time":"1 minute"},"schema":{"@context":"https:\/\/schema.org","@graph":[{"@type":"WebPage","@id":"https:\/\/www.liquidatormusic.com\/en\/contact\/","url":"https:\/\/www.liquidatormusic.com\/en\/contact\/","name":"Contact - Liquidator Music","isPartOf":{"@id":"https:\/\/www.liquidatormusic.com\/#website"},"primaryImageOfPage":{"@id":"https:\/\/www.liquidatormusic.com\/en\/contact\/#primaryimage"},"image":{"@id":"https:\/\/www.liquidatormusic.com\/en\/contact\/#primaryimage"},"thumbnailUrl":"https:\/\/www.liquidatormusic.com\/wp-content\/uploads\/2022\/09\/liquidator-contact.jpg","datePublished":"2011-02-27T19:02:44+00:00","dateModified":"2022-10-18T17:59:29+00:00","breadcrumb":{"@id":"https:\/\/www.liquidatormusic.com\/en\/contact\/#breadcrumb"},"inLanguage":"en-US","potentialAction":[{"@type":"ReadAction","target":["https:\/\/www.liquidatormusic.com\/en\/contact\/"]}]},{"@type":"ImageObject","inLanguage":"en-US","@id":"https:\/\/www.liquidatormusic.com\/en\/contact\/#primaryimage","url":"https:\/\/www.liquidatormusic.com\/wp-content\/uploads\/2022\/09\/liquidator-contact.jpg","contentUrl":"https:\/\/www.liquidatormusic.com\/wp-content\/uploads\/2022\/09\/liquidator-contact.jpg"},{"@type":"BreadcrumbList","@id":"https:\/\/www.liquidatormusic.com\/en\/contact\/#breadcrumb","itemListElement":[{"@type":"ListItem","position":1,"name":"Portada","item":"https:\/\/www.liquidatormusic.com\/en\/"},{"@type":"ListItem","position":2,"name":"Contact"}]},{"@type":"WebSite","@id":"https:\/\/www.liquidatormusic.com\/#website","url":"https:\/\/www.liquidatormusic.com\/","name":"Liquidator Music","description":"Ska, Reggae, Rocksteady &amp; Soul","publisher":{"@id":"https:\/\/www.liquidatormusic.com\/#organization"},"potentialAction":[{"@type":"SearchAction","target":{"@type":"EntryPoint","urlTemplate":"https:\/\/www.liquidatormusic.com\/?s={search_term_string}"},"query-input":{"@type":"PropertyValueSpecification","valueRequired":true,"valueName":"search_term_string"}}],"inLanguage":"en-US"},{"@type":"Organization","@id":"https:\/\/www.liquidatormusic.com\/#organization","name":"Liquidator Music","url":"https:\/\/www.liquidatormusic.com\/","logo":{"@type":"ImageObject","inLanguage":"en-US","@id":"https:\/\/www.liquidatormusic.com\/#\/schema\/logo\/image\/","url":"https:\/\/www.liquidatormusic.com\/wp-content\/uploads\/2022\/01\/logo-liquidator-2-black.svg","contentUrl":"https:\/\/www.liquidatormusic.com\/wp-content\/uploads\/2022\/01\/logo-liquidator-2-black.svg","caption":"Liquidator Music"},"image":{"@id":"https:\/\/www.liquidatormusic.com\/#\/schema\/logo\/image\/"}}]}},"_links":{"self":[{"href":"https:\/\/www.liquidatormusic.com\/en\/wp-json\/wp\/v2\/pages\/5421","targetHints":{"allow":["GET"]}}],"collection":[{"href":"https:\/\/www.liquidatormusic.com\/en\/wp-json\/wp\/v2\/pages"}],"about":[{"href":"https:\/\/www.liquidatormusic.com\/en\/wp-json\/wp\/v2\/types\/page"}],"author":[{"embeddable":true,"href":"https:\/\/www.liquidatormusic.com\/en\/wp-json\/wp\/v2\/users\/2"}],"replies":[{"embeddable":true,"href":"https:\/\/www.liquidatormusic.com\/en\/wp-json\/wp\/v2\/comments?post=5421"}],"version-history":[{"count":10,"href":"https:\/\/www.liquidatormusic.com\/en\/wp-json\/wp\/v2\/pages\/5421\/revisions"}],"predecessor-version":[{"id":11265,"href":"https:\/\/www.liquidatormusic.com\/en\/wp-json\/wp\/v2\/pages\/5421\/revisions\/11265"}],"wp:attachment":[{"href":"https:\/\/www.liquidatormusic.com\/en\/wp-json\/wp\/v2\/media?parent=5421"}],"curies":[{"name":"wp","href":"https:\/\/api.w.org\/{rel}","templated":true}]}}